{"id":34,"date":"2014-08-27T17:52:24","date_gmt":"2014-08-27T15:52:24","guid":{"rendered":"http:\/\/www.alvt.net\/?page_id=34"},"modified":"2014-08-27T18:24:15","modified_gmt":"2014-08-27T16:24:15","slug":"impressum","status":"publish","type":"page","link":"https:\/\/www.alvt.net\/?page_id=34","title":{"rendered":"Impressum"},"content":{"rendered":"<p style=\"color: #000000;\"><span style=\"color: #000000;\">Bitte haben Sie Verst\u00e4ndnis daf\u00fcr, dass wir aufgrund der vielf\u00e4ltigen M\u00f6glichkeiten und Risiken, die das Internet bietet, zu Ihrem und unserem Schutz einige Rahmenbedingungen zur Nutzung unserer Inhalte aufstellen m\u00fcssen, die wir Sie bitten, zu beachten.<\/span><\/p>\n<div id=\"Nutzungsbedingungen\" style=\"color: #000000;\">\n<h3 style=\"font-weight: inherit; font-style: inherit; color: #ef8406;\"><span style=\"color: #000000;\">1. AKTUALISIERUNG DIESER NUTZUNGSBEDINGUNGEN<\/span><\/h3>\n<p><span style=\"color: #000000;\">Aufgrund der sich st\u00e4ndigen technischen und rechtlichen Neuerungen m\u00fcssen wir die nachstehenden Nutzungsbedingungen von Zeit zu Zeit \u00e4ndern bzw. aktualisieren. Sehen Sie daher vor jeder Nutzung unserer Inhalte nach, wann die letzte Neufassung in die Software gestellt wurde.<\/span><\/p>\n<\/div>\n<div id=\"Schutzrechte\" style=\"color: #000000;\">\n<h3 style=\"font-weight: inherit; font-style: inherit; color: #ef8406;\"><span style=\"color: #000000;\">2. URHEBER- UND ANDERE SCHUTZRECHTE<\/span><\/h3>\n<p><span style=\"color: #000000;\">S\u00e4mtliche Inhalte unserer Website, einschlie\u00dflich der Texte, Bilder, graphischen Darstellungen, Audio- und Videodateien sind &#8211; soweit dies nicht ausdr\u00fccklich anders vermerkt ist &#8211; unser Eigentum und d\u00fcrfen ohne unsere vorherige schriftliche Zustimmung nicht f\u00fcr \u00f6ffentliche oder gewerbliche Zwecke vervielf\u00e4ltigt, ver\u00e4ndert, \u00fcbertragen, wiederverwendet, neu bereitgestellt, verwertet oder auf sonstige Weise benutzt werden. Wir weisen darauf hin, dass eine Verletzung unserer Urheber- oder sonstigen Schutzrechte zivil- und\/oder strafrechtliche Konsequenzen nach sich ziehen kann.<\/span><\/p>\n<\/div>\n<div id=\"Haftungsausschluss\" style=\"color: #000000;\">\n<h3 style=\"font-weight: inherit; font-style: inherit; color: #ef8406;\"><span style=\"color: #000000;\">3. HAFTUNGSAUSSCHLUSS<\/span><\/h3>\n<p><span style=\"color: #000000;\">In dieser Software k\u00f6nnten sich Hyperlinks zu Internetseiten anderer Anbieter befinden. alvt.net\u00a0\u00fcbernimmt keine Gew\u00e4hr oder Haftung f\u00fcr eventuell rechtswidrige Inhalte oder sonstige Rechtsverletzungen auf Internetseiten fremder Anbieter. Die Informationen auf dieser Internetseite wurden mit aller Sorgfalt zusammengestellt und \u00fcberpr\u00fcft. Dennoch k\u00f6nnen wir f\u00fcr ihre Aktualit\u00e4t, Richtigkeit, Vollst\u00e4ndigkeit und\/oder Qualit\u00e4t keinerlei Verantwortung \u00fcbernehmen. alvt.net\u00a0\u00fcbernimmt keine Verantwortung f\u00fcr Handlungen, die auf der Grundlage dieser Internetseite vorgenommen wurden. Die Benutzung dieser Internetseite und das Herunterladen von Daten erfolgt auf eigene Gefahr.\u00a0alvt.net\u00a0\u00fcbernimmt keine Verantwortung f\u00fcr hieraus entstehende Sch\u00e4den, insbesondere an Datenbest\u00e4nden, Hard- und\/oder Software des Benutzers.<\/span><\/p>\n<\/div>\n<div id=\"Datenschutz\" style=\"color: #000000;\">\n<h3 style=\"font-weight: inherit; font-style: inherit; color: #ef8406;\"><span style=\"color: #000000;\">4. DATENSCHUTZ<\/span><\/h3>\n<p>Sofern innerhalb des Internetangebotes die M\u00f6glichkeit zur Eingabe pers\u00f6nlicher oder gesch\u00e4ftlicher Daten (Emailadressen, Namen, Anschriften) besteht, so erfolgt die Preisgabe dieser Daten seitens des Nutzers auf ausdr\u00fccklich freiwilliger Basis. Die Inanspruchnahme und Bezahlung aller angebotenen Dienste ist &#8211; soweit technisch m\u00f6glich und zumutbar &#8211; auch ohne Angabe solcher Daten bzw. unter Angabe anonymisierter Daten oder eines Pseudonyms gestattet.<\/p>\n<\/div>\n","protected":false},"excerpt":{"rendered":"<p>Bitte haben Sie Verst\u00e4ndnis daf\u00fcr, dass wir aufgrund der vielf\u00e4ltigen M\u00f6glichkeiten und Risiken, die das Internet bietet, zu Ihrem und unserem Schutz einige Rahmenbedingungen zur Nutzung unserer Inhalte aufstellen m\u00fcssen, die wir Sie bitten, zu beachten. 1. AKTUALISIERUNG DIESER NUTZUNGSBEDINGUNGEN &hellip; <a href=\"https:\/\/www.alvt.net\/?page_id=34\">Weiterlesen <span class=\"meta-nav\">&rarr;<\/span><\/a><\/p>\n","protected":false},"author":2,"featured_media":0,"parent":0,"menu_order":10,"comment_status":"closed","ping_status":"closed","template":"","meta":[],"_links":{"self":[{"href":"https:\/\/www.alvt.net\/index.php?rest_route=\/wp\/v2\/pages\/34"}],"collection":[{"href":"https:\/\/www.alvt.net\/index.php?rest_route=\/wp\/v2\/pages"}],"about":[{"href":"https:\/\/www.alvt.net\/index.php?rest_route=\/wp\/v2\/types\/page"}],"author":[{"embeddable":true,"href":"https:\/\/www.alvt.net\/index.php?rest_route=\/wp\/v2\/users\/2"}],"replies":[{"embeddable":true,"href":"https:\/\/www.alvt.net\/index.php?rest_route=%2Fwp%2Fv2%2Fcomments&post=34"}],"version-history":[{"count":3,"href":"https:\/\/www.alvt.net\/index.php?rest_route=\/wp\/v2\/pages\/34\/revisions"}],"predecessor-version":[{"id":37,"href":"https:\/\/www.alvt.net\/index.php?rest_route=\/wp\/v2\/pages\/34\/revisions\/37"}],"wp:attachment":[{"href":"https:\/\/www.alvt.net\/index.php?rest_route=%2Fwp%2Fv2%2Fmedia&parent=34"}],"curies":[{"name":"wp","href":"https:\/\/api.w.org\/{rel}","templated":true}]}}